{"id":922,"date":"2015-05-07T19:42:03","date_gmt":"2015-05-07T22:42:03","guid":{"rendered":"http:\/\/www.bellaspaurbano.com.br\/site\/?page_id=922"},"modified":"2016-07-16T12:20:32","modified_gmt":"2016-07-16T15:20:32","slug":"selagem","status":"publish","type":"page","link":"https:\/\/www.bellaspaurbano.com.br\/site\/selagem\/","title":{"rendered":"SELAGEM"},"content":{"rendered":"<p style=\"text-align: justify;\"><a href=\"http:\/\/www.bellaspaurbano.com.br\/site\/selagem\/selagem-2\/\" rel=\"attachment wp-att-1800\"><img loading=\"lazy\" decoding=\"async\" class=\"aligncenter size-full wp-image-1800\" src=\"http:\/\/www.bellaspaurbano.com.br\/site\/wp-content\/uploads\/2015\/05\/Selagem-1.jpg\" alt=\"Selagem\" width=\"716\" height=\"716\" srcset=\"https:\/\/www.bellaspaurbano.com.br\/site\/wp-content\/uploads\/2015\/05\/Selagem-1.jpg 716w, https:\/\/www.bellaspaurbano.com.br\/site\/wp-content\/uploads\/2015\/05\/Selagem-1-300x300.jpg 300w, https:\/\/www.bellaspaurbano.com.br\/site\/wp-content\/uploads\/2015\/05\/Selagem-1-100x100.jpg 100w, https:\/\/www.bellaspaurbano.com.br\/site\/wp-content\/uploads\/2015\/05\/Selagem-1-600x600.jpg 600w, https:\/\/www.bellaspaurbano.com.br\/site\/wp-content\/uploads\/2015\/05\/Selagem-1-650x650.jpg 650w, https:\/\/www.bellaspaurbano.com.br\/site\/wp-content\/uploads\/2015\/05\/Selagem-1-180x180.jpg 180w, https:\/\/www.bellaspaurbano.com.br\/site\/wp-content\/uploads\/2015\/05\/Selagem-1-250x250.jpg 250w, https:\/\/www.bellaspaurbano.com.br\/site\/wp-content\/uploads\/2015\/05\/Selagem-1-174x174.jpg 174w\" sizes=\"(max-width: 716px) 100vw, 716px\" \/><\/a><\/p>\n<p style=\"text-align: justify;\">\u00c9 um tratamento criado no Brasil \u00e0 base de queratina, que tem a fun\u00e7\u00e3o de fechar as cut\u00edculas do fio (ou seja, ela sela a estrutura). A selagem recupera a sa\u00fade dos cabelos trazendo mais disciplina, hidrata\u00e7\u00e3o, resist\u00eancia e brilho.<\/p>\n<p style=\"text-align: justify;\">Agende seu hor\u00e1rio, nossos cabeleireiros te esperam: (35) 3423-5679.<\/p>\n","protected":false},"excerpt":{"rendered":"<p>\u00c9 um tratamento criado no Brasil \u00e0 base de queratina, que tem a fun\u00e7\u00e3o de fechar as cut\u00edculas do fio (ou seja, ela sela a estrutura). A selagem recupera a sa\u00fade dos cabelos trazendo mais disciplina, hidrata\u00e7\u00e3o, resist\u00eancia e brilho. Agende seu hor\u00e1rio, nossos cabeleireiros te esperam: (35) 3423-5679.<\/p>\n","protected":false},"author":1,"featured_media":0,"parent":0,"menu_order":0,"comment_status":"closed","ping_status":"closed","template":"","meta":{"footnotes":""},"class_list":["post-922","page","type-page","status-publish","hentry"],"_links":{"self":[{"href":"https:\/\/www.bellaspaurbano.com.br\/site\/wp-json\/wp\/v2\/pages\/922"}],"collection":[{"href":"https:\/\/www.bellaspaurbano.com.br\/site\/wp-json\/wp\/v2\/pages"}],"about":[{"href":"https:\/\/www.bellaspaurbano.com.br\/site\/wp-json\/wp\/v2\/types\/page"}],"author":[{"embeddable":true,"href":"https:\/\/www.bellaspaurbano.com.br\/site\/wp-json\/wp\/v2\/users\/1"}],"replies":[{"embeddable":true,"href":"https:\/\/www.bellaspaurbano.com.br\/site\/wp-json\/wp\/v2\/comments?post=922"}],"version-history":[{"count":8,"href":"https:\/\/www.bellaspaurbano.com.br\/site\/wp-json\/wp\/v2\/pages\/922\/revisions"}],"predecessor-version":[{"id":1801,"href":"https:\/\/www.bellaspaurbano.com.br\/site\/wp-json\/wp\/v2\/pages\/922\/revisions\/1801"}],"wp:attachment":[{"href":"https:\/\/www.bellaspaurbano.com.br\/site\/wp-json\/wp\/v2\/media?parent=922"}],"curies":[{"name":"wp","href":"https:\/\/api.w.org\/{rel}","templated":true}]}}