{"id":892,"date":"2015-05-07T16:55:03","date_gmt":"2015-05-07T19:55:03","guid":{"rendered":"http:\/\/www.bellaspaurbano.com.br\/site\/?page_id=892"},"modified":"2016-07-16T11:56:22","modified_gmt":"2016-07-16T14:56:22","slug":"progressiva-2","status":"publish","type":"page","link":"https:\/\/www.bellaspaurbano.com.br\/site\/progressiva-2\/","title":{"rendered":"PROGRESSIVA"},"content":{"rendered":"<p style=\"text-align: justify;\"><a href=\"http:\/\/www.bellaspaurbano.com.br\/site\/progressiva-2\/progressiva-4\/\" rel=\"attachment wp-att-1797\"><img loading=\"lazy\" decoding=\"async\" class=\"aligncenter size-full wp-image-1797\" src=\"http:\/\/www.bellaspaurbano.com.br\/site\/wp-content\/uploads\/2015\/05\/Progressiva-1.jpg\" alt=\"Progressiva\" width=\"916\" height=\"727\" srcset=\"https:\/\/www.bellaspaurbano.com.br\/site\/wp-content\/uploads\/2015\/05\/Progressiva-1.jpg 916w, https:\/\/www.bellaspaurbano.com.br\/site\/wp-content\/uploads\/2015\/05\/Progressiva-1-600x476.jpg 600w, https:\/\/www.bellaspaurbano.com.br\/site\/wp-content\/uploads\/2015\/05\/Progressiva-1-800x635.jpg 800w, https:\/\/www.bellaspaurbano.com.br\/site\/wp-content\/uploads\/2015\/05\/Progressiva-1-768x610.jpg 768w\" sizes=\"(max-width: 916px) 100vw, 916px\" \/><\/a><\/p>\n<p style=\"text-align: justify;\">A escova progressiva \u00e9 um m\u00e9todo de alisamento e redu\u00e7\u00e3o do volume dos cabelos, diminuindo tamb\u00e9m o frizz. Ela \u00e9 chamada dessa forma porque, a cada vez que se realiza esse procedimento, o cabelo apresenta melhores resultados nesses quesitos.<\/p>\n<p style=\"text-align: justify;\">\u00c9 indicado para mulheres que tem cabelos crespos e volumosos. Os efeitos da escova progressiva duram por entre tr\u00eas a cinco meses, dependendo da velocidade que os fios crescem e do n\u00famero de lavagens. Normalmente, o momento de refazer o tratamento \u00e9 quando a raiz j\u00e1 cresceu e come\u00e7a a incomodar.<\/p>\n<p style=\"text-align: justify;\">N\u00e3o s\u00e3o necess\u00e1rios quaisquer cuidados especiais antes da realiza\u00e7\u00e3o da escova progressiva.<\/p>\n<p style=\"text-align: justify;\">Fa\u00e7a como dezenas de mulheres que todos os meses saem realizadas do Bella Spa Urbano, agende j\u00e1 a sua progressiva e se realize!<\/p>\n<p style=\"text-align: justify;\">\n","protected":false},"excerpt":{"rendered":"<p>A escova progressiva \u00e9 um m\u00e9todo de alisamento e redu\u00e7\u00e3o do volume dos cabelos, diminuindo tamb\u00e9m o frizz. Ela \u00e9 chamada dessa forma porque, a cada vez que se realiza esse procedimento, o cabelo apresenta melhores resultados nesses quesitos. \u00c9 indicado para mulheres que tem cabelos crespos e volumosos. Os efeitos da escova progressiva duram<a href=\"https:\/\/www.bellaspaurbano.com.br\/site\/progressiva-2\/\">[&#8230;]<\/a><\/p>\n","protected":false},"author":1,"featured_media":0,"parent":0,"menu_order":0,"comment_status":"closed","ping_status":"closed","template":"","meta":{"footnotes":""},"class_list":["post-892","page","type-page","status-publish","hentry"],"_links":{"self":[{"href":"https:\/\/www.bellaspaurbano.com.br\/site\/wp-json\/wp\/v2\/pages\/892"}],"collection":[{"href":"https:\/\/www.bellaspaurbano.com.br\/site\/wp-json\/wp\/v2\/pages"}],"about":[{"href":"https:\/\/www.bellaspaurbano.com.br\/site\/wp-json\/wp\/v2\/types\/page"}],"author":[{"embeddable":true,"href":"https:\/\/www.bellaspaurbano.com.br\/site\/wp-json\/wp\/v2\/users\/1"}],"replies":[{"embeddable":true,"href":"https:\/\/www.bellaspaurbano.com.br\/site\/wp-json\/wp\/v2\/comments?post=892"}],"version-history":[{"count":5,"href":"https:\/\/www.bellaspaurbano.com.br\/site\/wp-json\/wp\/v2\/pages\/892\/revisions"}],"predecessor-version":[{"id":1799,"href":"https:\/\/www.bellaspaurbano.com.br\/site\/wp-json\/wp\/v2\/pages\/892\/revisions\/1799"}],"wp:attachment":[{"href":"https:\/\/www.bellaspaurbano.com.br\/site\/wp-json\/wp\/v2\/media?parent=892"}],"curies":[{"name":"wp","href":"https:\/\/api.w.org\/{rel}","templated":true}]}}