{"id":715,"date":"2015-05-02T20:18:29","date_gmt":"2015-05-02T23:18:29","guid":{"rendered":"http:\/\/www.bellaspaurbano.com.br\/site\/?page_id=715"},"modified":"2016-07-17T10:56:03","modified_gmt":"2016-07-17T13:56:03","slug":"spa-dos-pes","status":"publish","type":"page","link":"https:\/\/www.bellaspaurbano.com.br\/site\/spa-dos-pes\/","title":{"rendered":"SPA DOS P\u00c9S"},"content":{"rendered":"<p style=\"text-align: justify;\"><a href=\"http:\/\/www.bellaspaurbano.com.br\/site\/pedras-quentes\/spa-dos-pes-3\/\" rel=\"attachment wp-att-1874\"><img loading=\"lazy\" decoding=\"async\" class=\"aligncenter size-full wp-image-1874\" src=\"http:\/\/www.bellaspaurbano.com.br\/site\/wp-content\/uploads\/2014\/03\/Spa-dos-P\u00e9s.jpg\" alt=\"Spa dos P\u00e9s\" width=\"1006\" height=\"761\" srcset=\"https:\/\/www.bellaspaurbano.com.br\/site\/wp-content\/uploads\/2014\/03\/Spa-dos-P\u00e9s.jpg 1006w, https:\/\/www.bellaspaurbano.com.br\/site\/wp-content\/uploads\/2014\/03\/Spa-dos-P\u00e9s-600x454.jpg 600w, https:\/\/www.bellaspaurbano.com.br\/site\/wp-content\/uploads\/2014\/03\/Spa-dos-P\u00e9s-800x605.jpg 800w, https:\/\/www.bellaspaurbano.com.br\/site\/wp-content\/uploads\/2014\/03\/Spa-dos-P\u00e9s-768x581.jpg 768w\" sizes=\"(max-width: 1006px) 100vw, 1006px\" \/><\/a><\/p>\n<p style=\"text-align: justify;\">No Bella Spa Urbano o Spa dos P\u00e9s consiste na associa\u00e7\u00e3o do Escalda P\u00e9s com esfolia\u00e7\u00e3o, hidrata\u00e7\u00e3o e massagem (reflexologia) nos p\u00e9s.<\/p>\n<p style=\"text-align: justify;\">O escalda-p\u00e9s \u00e9 uma terapia muito antiga, mas ainda eficiente para tratar problemas bem atuais. \u00c9 uma experi\u00eancia agrad\u00e1vel e prazerosa al\u00e9m de ben\u00e9fica. Antes, sua principal finalidade era aquecer os p\u00e9s depois de caminhadas na chuva e quando se padecia com gripe. Hoje, \u00e9 um m\u00e9todo muito utilizado para relaxar, aliviando o estresse acumu<span class=\"text_exposed_show\">lado ao longo do dia. Tamb\u00e9m ajuda a estimular a circula\u00e7\u00e3o sangu\u00ednea das pernas, problema muito comum em grande parte da popula\u00e7\u00e3o brasileira.<\/span><\/p>\n<p>A esfolia\u00e7\u00e3o, a hidrata\u00e7\u00e3o mais a massagem nos p\u00e9s \u00e9 uma grande oportunidade para deixar os m\u00fasculos dos p\u00e9s fortes e flex\u00edveis prevenindo doen\u00e7as, sabia? Adeptos da reflexologia garantem que existem pontos nos p\u00e9s que correspondem a cada \u00f3rg\u00e3o ou estrutura do corpo. Segundo esta pr\u00e1tica \u00e9 poss\u00edvel reduzir a tens\u00e3o em todo corpo ao trabalhar nesses reflexos.<\/p>\n<p style=\"text-align: justify;\">No Bella Spa Urbano voc\u00ea encontra profissionais preparados para cuidar exclusivamente dos seus p\u00e9s. Ligue, oriente-se e agende seu hor\u00e1rio, Bella Spa Urbano: (35) 3423-5679.<\/p>\n","protected":false},"excerpt":{"rendered":"<p>No Bella Spa Urbano o Spa dos P\u00e9s consiste na associa\u00e7\u00e3o do Escalda P\u00e9s com esfolia\u00e7\u00e3o, hidrata\u00e7\u00e3o e massagem (reflexologia) nos p\u00e9s. O escalda-p\u00e9s \u00e9 uma terapia muito antiga, mas ainda eficiente para tratar problemas bem atuais. \u00c9 uma experi\u00eancia agrad\u00e1vel e prazerosa al\u00e9m de ben\u00e9fica. Antes, sua principal finalidade era aquecer os p\u00e9s depois<a href=\"https:\/\/www.bellaspaurbano.com.br\/site\/spa-dos-pes\/\">[&#8230;]<\/a><\/p>\n","protected":false},"author":1,"featured_media":0,"parent":0,"menu_order":0,"comment_status":"closed","ping_status":"closed","template":"","meta":{"footnotes":""},"class_list":["post-715","page","type-page","status-publish","hentry"],"_links":{"self":[{"href":"https:\/\/www.bellaspaurbano.com.br\/site\/wp-json\/wp\/v2\/pages\/715"}],"collection":[{"href":"https:\/\/www.bellaspaurbano.com.br\/site\/wp-json\/wp\/v2\/pages"}],"about":[{"href":"https:\/\/www.bellaspaurbano.com.br\/site\/wp-json\/wp\/v2\/types\/page"}],"author":[{"embeddable":true,"href":"https:\/\/www.bellaspaurbano.com.br\/site\/wp-json\/wp\/v2\/users\/1"}],"replies":[{"embeddable":true,"href":"https:\/\/www.bellaspaurbano.com.br\/site\/wp-json\/wp\/v2\/comments?post=715"}],"version-history":[{"count":4,"href":"https:\/\/www.bellaspaurbano.com.br\/site\/wp-json\/wp\/v2\/pages\/715\/revisions"}],"predecessor-version":[{"id":1883,"href":"https:\/\/www.bellaspaurbano.com.br\/site\/wp-json\/wp\/v2\/pages\/715\/revisions\/1883"}],"wp:attachment":[{"href":"https:\/\/www.bellaspaurbano.com.br\/site\/wp-json\/wp\/v2\/media?parent=715"}],"curies":[{"name":"wp","href":"https:\/\/api.w.org\/{rel}","templated":true}]}}