{"id":690,"date":"2015-05-02T20:02:25","date_gmt":"2015-05-02T23:02:25","guid":{"rendered":"http:\/\/www.bellaspaurbano.com.br\/site\/?page_id=690"},"modified":"2016-07-16T15:18:26","modified_gmt":"2016-07-16T18:18:26","slug":"dia-da-debutante","status":"publish","type":"page","link":"https:\/\/www.bellaspaurbano.com.br\/site\/dia-da-debutante\/","title":{"rendered":"DIA DA DEBUTANTE"},"content":{"rendered":"<p style=\"padding-left: 30px;\"><a href=\"http:\/\/www.bellaspaurbano.com.br\/site\/dia-da-debutante\/dia-da-debutante-4\/\" rel=\"attachment wp-att-1841\"><img loading=\"lazy\" decoding=\"async\" class=\"aligncenter size-full wp-image-1841\" src=\"http:\/\/www.bellaspaurbano.com.br\/site\/wp-content\/uploads\/2015\/05\/Dia-da-Debutante-1.jpg\" alt=\"Dia da Debutante\" width=\"1305\" height=\"686\" srcset=\"https:\/\/www.bellaspaurbano.com.br\/site\/wp-content\/uploads\/2015\/05\/Dia-da-Debutante-1.jpg 1305w, https:\/\/www.bellaspaurbano.com.br\/site\/wp-content\/uploads\/2015\/05\/Dia-da-Debutante-1-600x315.jpg 600w, https:\/\/www.bellaspaurbano.com.br\/site\/wp-content\/uploads\/2015\/05\/Dia-da-Debutante-1-800x421.jpg 800w, https:\/\/www.bellaspaurbano.com.br\/site\/wp-content\/uploads\/2015\/05\/Dia-da-Debutante-1-768x404.jpg 768w, https:\/\/www.bellaspaurbano.com.br\/site\/wp-content\/uploads\/2015\/05\/Dia-da-Debutante-1-1024x538.jpg 1024w\" sizes=\"(max-width: 1305px) 100vw, 1305px\" \/><\/a><\/p>\n<p style=\"padding-left: 30px;\">Para os pais que querem presentear sua filha de forma diferente e inesquec\u00edvel, o dia da Debutante \u00e9 uma excelente op\u00e7\u00e3o.<\/p>\n<p style=\"padding-left: 30px;\">Conhe\u00e7a nossas op\u00e7\u00f5es de pacotes &#8220;Dia da Debutante &#8220;: (35) 3423-5679.<\/p>\n","protected":false},"excerpt":{"rendered":"<p>Para os pais que querem presentear sua filha de forma diferente e inesquec\u00edvel, o dia da Debutante \u00e9 uma excelente op\u00e7\u00e3o. Conhe\u00e7a nossas op\u00e7\u00f5es de pacotes &#8220;Dia da Debutante &#8220;: (35) 3423-5679.<\/p>\n","protected":false},"author":1,"featured_media":0,"parent":0,"menu_order":0,"comment_status":"closed","ping_status":"closed","template":"","meta":{"footnotes":""},"class_list":["post-690","page","type-page","status-publish","hentry"],"_links":{"self":[{"href":"https:\/\/www.bellaspaurbano.com.br\/site\/wp-json\/wp\/v2\/pages\/690"}],"collection":[{"href":"https:\/\/www.bellaspaurbano.com.br\/site\/wp-json\/wp\/v2\/pages"}],"about":[{"href":"https:\/\/www.bellaspaurbano.com.br\/site\/wp-json\/wp\/v2\/types\/page"}],"author":[{"embeddable":true,"href":"https:\/\/www.bellaspaurbano.com.br\/site\/wp-json\/wp\/v2\/users\/1"}],"replies":[{"embeddable":true,"href":"https:\/\/www.bellaspaurbano.com.br\/site\/wp-json\/wp\/v2\/comments?post=690"}],"version-history":[{"count":5,"href":"https:\/\/www.bellaspaurbano.com.br\/site\/wp-json\/wp\/v2\/pages\/690\/revisions"}],"predecessor-version":[{"id":1842,"href":"https:\/\/www.bellaspaurbano.com.br\/site\/wp-json\/wp\/v2\/pages\/690\/revisions\/1842"}],"wp:attachment":[{"href":"https:\/\/www.bellaspaurbano.com.br\/site\/wp-json\/wp\/v2\/media?parent=690"}],"curies":[{"name":"wp","href":"https:\/\/api.w.org\/{rel}","templated":true}]}}