{"id":648,"date":"2015-05-02T19:46:46","date_gmt":"2015-05-02T22:46:46","guid":{"rendered":"http:\/\/www.bellaspaurbano.com.br\/site\/?page_id=648"},"modified":"2016-07-17T10:46:23","modified_gmt":"2016-07-17T13:46:23","slug":"bambuterapia","status":"publish","type":"page","link":"https:\/\/www.bellaspaurbano.com.br\/site\/bambuterapia\/","title":{"rendered":"BAMBUTERAPIA"},"content":{"rendered":"<p style=\"text-align: justify;\"><a href=\"http:\/\/www.bellaspaurbano.com.br\/site\/pedras-quentes\/massagem-com-bambu\/\" rel=\"attachment wp-att-1862\"><img loading=\"lazy\" decoding=\"async\" class=\"aligncenter size-full wp-image-1862\" src=\"http:\/\/www.bellaspaurbano.com.br\/site\/wp-content\/uploads\/2014\/03\/Massagem-com-Bambu.jpg\" alt=\"Massagem com Bambu\" width=\"1321\" height=\"629\" srcset=\"https:\/\/www.bellaspaurbano.com.br\/site\/wp-content\/uploads\/2014\/03\/Massagem-com-Bambu.jpg 1321w, https:\/\/www.bellaspaurbano.com.br\/site\/wp-content\/uploads\/2014\/03\/Massagem-com-Bambu-600x286.jpg 600w, https:\/\/www.bellaspaurbano.com.br\/site\/wp-content\/uploads\/2014\/03\/Massagem-com-Bambu-800x381.jpg 800w, https:\/\/www.bellaspaurbano.com.br\/site\/wp-content\/uploads\/2014\/03\/Massagem-com-Bambu-768x366.jpg 768w, https:\/\/www.bellaspaurbano.com.br\/site\/wp-content\/uploads\/2014\/03\/Massagem-com-Bambu-1024x488.jpg 1024w\" sizes=\"(max-width: 1321px) 100vw, 1321px\" \/><\/a><\/p>\n<p style=\"text-align: justify;\">A bambuterapia ou bamboo massage, est\u00e1 cada vez mais popular\u00a0 por conta de seus benef\u00edcios. Al\u00e9m do relaxamento muscular provocado pela bambuterapia, a t\u00e9cnica criada pelo terapeuta franc\u00eas Gil Amsallem \u00e9 uma poderosa ferramenta no processo de emagrecimento, redu\u00e7\u00e3o de gorduras localizas e serve tamb\u00e9m para ajudar a modelar o corpo, al\u00e9m de combater o estresse tamb\u00e9m, muito comum em nossa sociedade.<\/p>\n<p style=\"text-align: justify;\">A t\u00e9cnica de bambuterapia \u00e9 feita com pequenas hastes de bambus de diferentes tamanhos e seu grande diferencial \u00e9 a intensidade na elimina\u00e7\u00e3o das gorduras corporais, muitas vezes sendo mais eficaz que a drenagem linf\u00e1tica.<\/p>\n<p style=\"text-align: justify;\">A t\u00e9cnica \u00e9 usada como terapia auxiliar para diversos tratamentos, levando em conta seus in\u00fameros benef\u00edcios trazidos pela pr\u00e1tica.<\/p>\n<p>Agende j\u00e1 sua sess\u00e3o de Bambuterapia: (35) 3423-5679.<\/p>\n<p>&nbsp;<\/p>\n","protected":false},"excerpt":{"rendered":"<p>A bambuterapia ou bamboo massage, est\u00e1 cada vez mais popular\u00a0 por conta de seus benef\u00edcios. Al\u00e9m do relaxamento muscular provocado pela bambuterapia, a t\u00e9cnica criada pelo terapeuta franc\u00eas Gil Amsallem \u00e9 uma poderosa ferramenta no processo de emagrecimento, redu\u00e7\u00e3o de gorduras localizas e serve tamb\u00e9m para ajudar a modelar o corpo, al\u00e9m de combater o<a href=\"https:\/\/www.bellaspaurbano.com.br\/site\/bambuterapia\/\">[&#8230;]<\/a><\/p>\n","protected":false},"author":1,"featured_media":0,"parent":0,"menu_order":0,"comment_status":"closed","ping_status":"closed","template":"","meta":{"footnotes":""},"class_list":["post-648","page","type-page","status-publish","hentry"],"_links":{"self":[{"href":"https:\/\/www.bellaspaurbano.com.br\/site\/wp-json\/wp\/v2\/pages\/648"}],"collection":[{"href":"https:\/\/www.bellaspaurbano.com.br\/site\/wp-json\/wp\/v2\/pages"}],"about":[{"href":"https:\/\/www.bellaspaurbano.com.br\/site\/wp-json\/wp\/v2\/types\/page"}],"author":[{"embeddable":true,"href":"https:\/\/www.bellaspaurbano.com.br\/site\/wp-json\/wp\/v2\/users\/1"}],"replies":[{"embeddable":true,"href":"https:\/\/www.bellaspaurbano.com.br\/site\/wp-json\/wp\/v2\/comments?post=648"}],"version-history":[{"count":4,"href":"https:\/\/www.bellaspaurbano.com.br\/site\/wp-json\/wp\/v2\/pages\/648\/revisions"}],"predecessor-version":[{"id":1879,"href":"https:\/\/www.bellaspaurbano.com.br\/site\/wp-json\/wp\/v2\/pages\/648\/revisions\/1879"}],"wp:attachment":[{"href":"https:\/\/www.bellaspaurbano.com.br\/site\/wp-json\/wp\/v2\/media?parent=648"}],"curies":[{"name":"wp","href":"https:\/\/api.w.org\/{rel}","templated":true}]}}