{"id":636,"date":"2015-05-02T19:45:09","date_gmt":"2015-05-02T22:45:09","guid":{"rendered":"http:\/\/www.bellaspaurbano.com.br\/site\/?page_id=636"},"modified":"2016-07-16T13:09:59","modified_gmt":"2016-07-16T16:09:59","slug":"californiana","status":"publish","type":"page","link":"https:\/\/www.bellaspaurbano.com.br\/site\/californiana\/","title":{"rendered":"CALIFORNIANA"},"content":{"rendered":"<p style=\"text-align: justify;\"><a href=\"http:\/\/www.bellaspaurbano.com.br\/site\/californiana\/californiana-3\/\" rel=\"attachment wp-att-1814\"><img loading=\"lazy\" decoding=\"async\" class=\"aligncenter size-full wp-image-1814\" src=\"http:\/\/www.bellaspaurbano.com.br\/site\/wp-content\/uploads\/2015\/05\/Californiana-1.jpg\" alt=\"Californiana\" width=\"1097\" height=\"515\" srcset=\"https:\/\/www.bellaspaurbano.com.br\/site\/wp-content\/uploads\/2015\/05\/Californiana-1.jpg 1097w, https:\/\/www.bellaspaurbano.com.br\/site\/wp-content\/uploads\/2015\/05\/Californiana-1-600x282.jpg 600w, https:\/\/www.bellaspaurbano.com.br\/site\/wp-content\/uploads\/2015\/05\/Californiana-1-800x376.jpg 800w, https:\/\/www.bellaspaurbano.com.br\/site\/wp-content\/uploads\/2015\/05\/Californiana-1-768x361.jpg 768w, https:\/\/www.bellaspaurbano.com.br\/site\/wp-content\/uploads\/2015\/05\/Californiana-1-1024x481.jpg 1024w\" sizes=\"(max-width: 1097px) 100vw, 1097px\" \/><\/a><\/p>\n<p style=\"text-align: justify;\">As californianas clareiam as pontas. \u00c9 como se houvesse uma linha em determinada altura do cabelo que separasse a cor natural e a colora\u00e7\u00e3o e tem a vantagem de n\u00e3o ser preciso retocar a raiz.<\/p>\n<p style=\"text-align: justify;\">As californianas sempre estar\u00e3o em alta. Elas s\u00e3o cl\u00e1ssicas!<\/p>\n<p style=\"text-align: justify;\">Ligue, oriente-se e agende seu hor\u00e1rio com os Cabeleireiros do Bella Spa Urbano: (35) 3423-5679<\/p>\n","protected":false},"excerpt":{"rendered":"<p>As californianas clareiam as pontas. \u00c9 como se houvesse uma linha em determinada altura do cabelo que separasse a cor natural e a colora\u00e7\u00e3o e tem a vantagem de n\u00e3o ser preciso retocar a raiz. As californianas sempre estar\u00e3o em alta. Elas s\u00e3o cl\u00e1ssicas! Ligue, oriente-se e agende seu hor\u00e1rio com os Cabeleireiros do Bella<a href=\"https:\/\/www.bellaspaurbano.com.br\/site\/californiana\/\">[&#8230;]<\/a><\/p>\n","protected":false},"author":1,"featured_media":0,"parent":0,"menu_order":0,"comment_status":"closed","ping_status":"closed","template":"","meta":{"footnotes":""},"class_list":["post-636","page","type-page","status-publish","hentry"],"_links":{"self":[{"href":"https:\/\/www.bellaspaurbano.com.br\/site\/wp-json\/wp\/v2\/pages\/636"}],"collection":[{"href":"https:\/\/www.bellaspaurbano.com.br\/site\/wp-json\/wp\/v2\/pages"}],"about":[{"href":"https:\/\/www.bellaspaurbano.com.br\/site\/wp-json\/wp\/v2\/types\/page"}],"author":[{"embeddable":true,"href":"https:\/\/www.bellaspaurbano.com.br\/site\/wp-json\/wp\/v2\/users\/1"}],"replies":[{"embeddable":true,"href":"https:\/\/www.bellaspaurbano.com.br\/site\/wp-json\/wp\/v2\/comments?post=636"}],"version-history":[{"count":8,"href":"https:\/\/www.bellaspaurbano.com.br\/site\/wp-json\/wp\/v2\/pages\/636\/revisions"}],"predecessor-version":[{"id":1815,"href":"https:\/\/www.bellaspaurbano.com.br\/site\/wp-json\/wp\/v2\/pages\/636\/revisions\/1815"}],"wp:attachment":[{"href":"https:\/\/www.bellaspaurbano.com.br\/site\/wp-json\/wp\/v2\/media?parent=636"}],"curies":[{"name":"wp","href":"https:\/\/api.w.org\/{rel}","templated":true}]}}