{"id":633,"date":"2015-05-02T19:44:38","date_gmt":"2015-05-02T22:44:38","guid":{"rendered":"http:\/\/www.bellaspaurbano.com.br\/site\/?page_id=633"},"modified":"2016-07-16T11:36:01","modified_gmt":"2016-07-16T14:36:01","slug":"corte-masculino-feminino","status":"publish","type":"page","link":"https:\/\/www.bellaspaurbano.com.br\/site\/corte-masculino-feminino\/","title":{"rendered":"CORTE MASCULINO &#038; FEMININO"},"content":{"rendered":"<p style=\"text-align: justify;\"><a href=\"http:\/\/www.bellaspaurbano.com.br\/site\/corte-masculino-feminino\/corte\/\" rel=\"attachment wp-att-1790\"><img loading=\"lazy\" decoding=\"async\" class=\"aligncenter size-full wp-image-1790\" src=\"http:\/\/www.bellaspaurbano.com.br\/site\/wp-content\/uploads\/2015\/05\/Corte.jpg\" alt=\"Corte\" width=\"944\" height=\"371\" srcset=\"https:\/\/www.bellaspaurbano.com.br\/site\/wp-content\/uploads\/2015\/05\/Corte.jpg 944w, https:\/\/www.bellaspaurbano.com.br\/site\/wp-content\/uploads\/2015\/05\/Corte-600x236.jpg 600w, https:\/\/www.bellaspaurbano.com.br\/site\/wp-content\/uploads\/2015\/05\/Corte-800x314.jpg 800w, https:\/\/www.bellaspaurbano.com.br\/site\/wp-content\/uploads\/2015\/05\/Corte-768x302.jpg 768w\" sizes=\"(max-width: 944px) 100vw, 944px\" \/><\/a><\/p>\n<p style=\"text-align: justify;\">O corte de cabelo \u00e9 algo muito importante para real\u00e7ar a beleza tanto masculina quanto feminina. Para acertar no corte de cabelo e no penteado, \u00e9 fundamental ficar atento ao formato do rosto. Cada pessoa possui um semblante diferente e precisa achar o corte que harmonize com o todo.<\/p>\n<p style=\"text-align: justify;\">Por exemplo, quem tem um rosto quadrado, combina com cabelos volumosos e naturais. Quem tem um rosto redondo precisa optar por algo mais liso e com pouco volume. Para os rostos em formato de cora\u00e7\u00e3o, o ideal \u00e9 optar por uma franja.<\/p>\n<p style=\"text-align: justify;\">Enfim, para manter seus cabelos sempre bem cuidados e bonitos, agende seu hor\u00e1rio com o cabeleireiro do Bella Spa Urbano: (35) 3423-5679<\/p>\n","protected":false},"excerpt":{"rendered":"<p>O corte de cabelo \u00e9 algo muito importante para real\u00e7ar a beleza tanto masculina quanto feminina. Para acertar no corte de cabelo e no penteado, \u00e9 fundamental ficar atento ao formato do rosto. Cada pessoa possui um semblante diferente e precisa achar o corte que harmonize com o todo. Por exemplo, quem tem um rosto<a href=\"https:\/\/www.bellaspaurbano.com.br\/site\/corte-masculino-feminino\/\">[&#8230;]<\/a><\/p>\n","protected":false},"author":1,"featured_media":0,"parent":0,"menu_order":0,"comment_status":"closed","ping_status":"closed","template":"","meta":{"footnotes":""},"class_list":["post-633","page","type-page","status-publish","hentry"],"_links":{"self":[{"href":"https:\/\/www.bellaspaurbano.com.br\/site\/wp-json\/wp\/v2\/pages\/633"}],"collection":[{"href":"https:\/\/www.bellaspaurbano.com.br\/site\/wp-json\/wp\/v2\/pages"}],"about":[{"href":"https:\/\/www.bellaspaurbano.com.br\/site\/wp-json\/wp\/v2\/types\/page"}],"author":[{"embeddable":true,"href":"https:\/\/www.bellaspaurbano.com.br\/site\/wp-json\/wp\/v2\/users\/1"}],"replies":[{"embeddable":true,"href":"https:\/\/www.bellaspaurbano.com.br\/site\/wp-json\/wp\/v2\/comments?post=633"}],"version-history":[{"count":6,"href":"https:\/\/www.bellaspaurbano.com.br\/site\/wp-json\/wp\/v2\/pages\/633\/revisions"}],"predecessor-version":[{"id":1791,"href":"https:\/\/www.bellaspaurbano.com.br\/site\/wp-json\/wp\/v2\/pages\/633\/revisions\/1791"}],"wp:attachment":[{"href":"https:\/\/www.bellaspaurbano.com.br\/site\/wp-json\/wp\/v2\/media?parent=633"}],"curies":[{"name":"wp","href":"https:\/\/api.w.org\/{rel}","templated":true}]}}