{"id":284,"date":"2014-03-26T11:46:16","date_gmt":"2014-03-26T11:46:16","guid":{"rendered":"http:\/\/www.bellaspaurbano.com.br\/site\/?page_id=284"},"modified":"2016-07-16T13:24:03","modified_gmt":"2016-07-16T16:24:03","slug":"manicure-pedicure","status":"publish","type":"page","link":"https:\/\/www.bellaspaurbano.com.br\/site\/manicure-pedicure\/","title":{"rendered":"MANICURE  \/  PEDICURE"},"content":{"rendered":"<p><a href=\"http:\/\/www.bellaspaurbano.com.br\/site\/manicure-pedicure\/manicure-pedicure-2\/\" rel=\"attachment wp-att-1816\"><img loading=\"lazy\" decoding=\"async\" class=\"aligncenter size-full wp-image-1816\" src=\"http:\/\/www.bellaspaurbano.com.br\/site\/wp-content\/uploads\/2014\/03\/Manicure-Pedicure.jpg\" alt=\"Manicure &amp; Pedicure\" width=\"1166\" height=\"542\" srcset=\"https:\/\/www.bellaspaurbano.com.br\/site\/wp-content\/uploads\/2014\/03\/Manicure-Pedicure.jpg 1166w, https:\/\/www.bellaspaurbano.com.br\/site\/wp-content\/uploads\/2014\/03\/Manicure-Pedicure-600x279.jpg 600w, https:\/\/www.bellaspaurbano.com.br\/site\/wp-content\/uploads\/2014\/03\/Manicure-Pedicure-800x372.jpg 800w, https:\/\/www.bellaspaurbano.com.br\/site\/wp-content\/uploads\/2014\/03\/Manicure-Pedicure-768x357.jpg 768w, https:\/\/www.bellaspaurbano.com.br\/site\/wp-content\/uploads\/2014\/03\/Manicure-Pedicure-1024x476.jpg 1024w\" sizes=\"(max-width: 1166px) 100vw, 1166px\" \/><\/a><\/p>\n<p>Unhas Linda e Bem cuidadas \u00e9 aqui no Bella Spa Urbano!<\/p>\n<p>Para tudo ficar perfeito e voc\u00ea mais linda ainda, agende j\u00e1 seu hor\u00e1rio\u00a0 (35) 3423-5679.<\/p>\n","protected":false},"excerpt":{"rendered":"<p>Unhas Linda e Bem cuidadas \u00e9 aqui no Bella Spa Urbano! Para tudo ficar perfeito e voc\u00ea mais linda ainda, agende j\u00e1 seu hor\u00e1rio\u00a0 (35) 3423-5679.<\/p>\n","protected":false},"author":1,"featured_media":0,"parent":0,"menu_order":0,"comment_status":"closed","ping_status":"closed","template":"","meta":{"footnotes":""},"class_list":["post-284","page","type-page","status-publish","hentry"],"_links":{"self":[{"href":"https:\/\/www.bellaspaurbano.com.br\/site\/wp-json\/wp\/v2\/pages\/284"}],"collection":[{"href":"https:\/\/www.bellaspaurbano.com.br\/site\/wp-json\/wp\/v2\/pages"}],"about":[{"href":"https:\/\/www.bellaspaurbano.com.br\/site\/wp-json\/wp\/v2\/types\/page"}],"author":[{"embeddable":true,"href":"https:\/\/www.bellaspaurbano.com.br\/site\/wp-json\/wp\/v2\/users\/1"}],"replies":[{"embeddable":true,"href":"https:\/\/www.bellaspaurbano.com.br\/site\/wp-json\/wp\/v2\/comments?post=284"}],"version-history":[{"count":10,"href":"https:\/\/www.bellaspaurbano.com.br\/site\/wp-json\/wp\/v2\/pages\/284\/revisions"}],"predecessor-version":[{"id":1818,"href":"https:\/\/www.bellaspaurbano.com.br\/site\/wp-json\/wp\/v2\/pages\/284\/revisions\/1818"}],"wp:attachment":[{"href":"https:\/\/www.bellaspaurbano.com.br\/site\/wp-json\/wp\/v2\/media?parent=284"}],"curies":[{"name":"wp","href":"https:\/\/api.w.org\/{rel}","templated":true}]}}