{"id":271,"date":"2014-03-26T00:26:33","date_gmt":"2014-03-26T00:26:33","guid":{"rendered":"http:\/\/www.bellaspaurbano.com.br\/site\/?page_id=271"},"modified":"2018-05-30T12:45:08","modified_gmt":"2018-05-30T15:45:08","slug":"noivas","status":"publish","type":"page","link":"https:\/\/www.bellaspaurbano.com.br\/site\/noivas\/","title":{"rendered":"DIA DA NOIVA"},"content":{"rendered":"<p style=\"text-align: justify;\">Que todas as noivas querem ficar lindas para o casamento n\u00e3o h\u00e1 d\u00favidas, afinal, estar bela em um dos dias mais importantes da vida da mulher \u00e9 essencial e indispens\u00e1vel, pois aquele momento ser\u00e1 marcado por toda a eternidade.<\/p>\n<p>Certo da import\u00e2ncia do dia do casamento para a noiva, o Bella Spa Urbano preparou tr\u00eas diferentes pacotes de <strong>Dia da Noiva (Pacote: Estilo, Felicidade e Tranquilidade)<\/strong> que tornaram o dia do seu casamento ainda mais memor\u00e1vel.<\/p>\n<p>&nbsp;<br clear='none'\/>\n<a href=\"http:\/\/www.bellaspaurbano.com.br\/site\/wp-content\/uploads\/2014\/03\/DIA-DA-NOIVA.jpg\"><img loading=\"lazy\" decoding=\"async\" src=\"http:\/\/www.bellaspaurbano.com.br\/site\/wp-content\/uploads\/2014\/03\/DIA-DA-NOIVA.jpg\" alt=\"\" width=\"1280\" height=\"598\" class=\"aligncenter size-singlepic wp-image-2459\" srcset=\"https:\/\/www.bellaspaurbano.com.br\/site\/wp-content\/uploads\/2014\/03\/DIA-DA-NOIVA.jpg 1280w, https:\/\/www.bellaspaurbano.com.br\/site\/wp-content\/uploads\/2014\/03\/DIA-DA-NOIVA-600x280.jpg 600w, https:\/\/www.bellaspaurbano.com.br\/site\/wp-content\/uploads\/2014\/03\/DIA-DA-NOIVA-800x374.jpg 800w, https:\/\/www.bellaspaurbano.com.br\/site\/wp-content\/uploads\/2014\/03\/DIA-DA-NOIVA-768x359.jpg 768w, https:\/\/www.bellaspaurbano.com.br\/site\/wp-content\/uploads\/2014\/03\/DIA-DA-NOIVA-1024x478.jpg 1024w\" sizes=\"(max-width: 1280px) 100vw, 1280px\" \/><\/a><\/p>\n<p><a href=\"http:\/\/www.bellaspaurbano.com.br\/site\/wp-content\/uploads\/2014\/03\/DIA-DA-NOIVA-2.jpg\"><img loading=\"lazy\" decoding=\"async\" src=\"http:\/\/www.bellaspaurbano.com.br\/site\/wp-content\/uploads\/2014\/03\/DIA-DA-NOIVA-2.jpg\" alt=\"\" width=\"1280\" height=\"595\" class=\"aligncenter size-full wp-image-2457\" srcset=\"https:\/\/www.bellaspaurbano.com.br\/site\/wp-content\/uploads\/2014\/03\/DIA-DA-NOIVA-2.jpg 1280w, https:\/\/www.bellaspaurbano.com.br\/site\/wp-content\/uploads\/2014\/03\/DIA-DA-NOIVA-2-600x279.jpg 600w, https:\/\/www.bellaspaurbano.com.br\/site\/wp-content\/uploads\/2014\/03\/DIA-DA-NOIVA-2-800x372.jpg 800w, https:\/\/www.bellaspaurbano.com.br\/site\/wp-content\/uploads\/2014\/03\/DIA-DA-NOIVA-2-768x357.jpg 768w, https:\/\/www.bellaspaurbano.com.br\/site\/wp-content\/uploads\/2014\/03\/DIA-DA-NOIVA-2-1024x476.jpg 1024w\" sizes=\"(max-width: 1280px) 100vw, 1280px\" \/><\/a><\/p>\n<p><a href=\"http:\/\/www.bellaspaurbano.com.br\/site\/wp-content\/uploads\/2014\/03\/DIA-DA-NOIVA-3.jpg\"><img loading=\"lazy\" decoding=\"async\" src=\"http:\/\/www.bellaspaurbano.com.br\/site\/wp-content\/uploads\/2014\/03\/DIA-DA-NOIVA-3.jpg\" alt=\"\" width=\"1280\" height=\"596\" class=\"aligncenter size-singlepic wp-image-2458\" srcset=\"https:\/\/www.bellaspaurbano.com.br\/site\/wp-content\/uploads\/2014\/03\/DIA-DA-NOIVA-3.jpg 1280w, https:\/\/www.bellaspaurbano.com.br\/site\/wp-content\/uploads\/2014\/03\/DIA-DA-NOIVA-3-600x279.jpg 600w, https:\/\/www.bellaspaurbano.com.br\/site\/wp-content\/uploads\/2014\/03\/DIA-DA-NOIVA-3-800x373.jpg 800w, https:\/\/www.bellaspaurbano.com.br\/site\/wp-content\/uploads\/2014\/03\/DIA-DA-NOIVA-3-768x358.jpg 768w, https:\/\/www.bellaspaurbano.com.br\/site\/wp-content\/uploads\/2014\/03\/DIA-DA-NOIVA-3-1024x477.jpg 1024w\" sizes=\"(max-width: 1280px) 100vw, 1280px\" \/><\/a><\/p>\n","protected":false},"excerpt":{"rendered":"<p>Que todas as noivas querem ficar lindas para o casamento n\u00e3o h\u00e1 d\u00favidas, afinal, estar bela em um dos dias mais importantes da vida da mulher \u00e9 essencial e indispens\u00e1vel, pois aquele momento ser\u00e1 marcado por toda a eternidade. Certo da import\u00e2ncia do dia do casamento para a noiva, o Bella Spa Urbano preparou tr\u00eas<a href=\"https:\/\/www.bellaspaurbano.com.br\/site\/noivas\/\">[&#8230;]<\/a><\/p>\n","protected":false},"author":1,"featured_media":0,"parent":0,"menu_order":0,"comment_status":"open","ping_status":"closed","template":"","meta":{"footnotes":""},"class_list":["post-271","page","type-page","status-publish","hentry"],"_links":{"self":[{"href":"https:\/\/www.bellaspaurbano.com.br\/site\/wp-json\/wp\/v2\/pages\/271"}],"collection":[{"href":"https:\/\/www.bellaspaurbano.com.br\/site\/wp-json\/wp\/v2\/pages"}],"about":[{"href":"https:\/\/www.bellaspaurbano.com.br\/site\/wp-json\/wp\/v2\/types\/page"}],"author":[{"embeddable":true,"href":"https:\/\/www.bellaspaurbano.com.br\/site\/wp-json\/wp\/v2\/users\/1"}],"replies":[{"embeddable":true,"href":"https:\/\/www.bellaspaurbano.com.br\/site\/wp-json\/wp\/v2\/comments?post=271"}],"version-history":[{"count":13,"href":"https:\/\/www.bellaspaurbano.com.br\/site\/wp-json\/wp\/v2\/pages\/271\/revisions"}],"predecessor-version":[{"id":2461,"href":"https:\/\/www.bellaspaurbano.com.br\/site\/wp-json\/wp\/v2\/pages\/271\/revisions\/2461"}],"wp:attachment":[{"href":"https:\/\/www.bellaspaurbano.com.br\/site\/wp-json\/wp\/v2\/media?parent=271"}],"curies":[{"name":"wp","href":"https:\/\/api.w.org\/{rel}","templated":true}]}}