{"id":261,"date":"2014-03-26T00:20:53","date_gmt":"2014-03-26T00:20:53","guid":{"rendered":"http:\/\/www.bellaspaurbano.com.br\/site\/?page_id=261"},"modified":"2016-07-16T11:30:13","modified_gmt":"2016-07-16T14:30:13","slug":"coloracao","status":"publish","type":"page","link":"https:\/\/www.bellaspaurbano.com.br\/site\/coloracao\/","title":{"rendered":"COLORA\u00c7\u00c3O"},"content":{"rendered":"<p style=\"text-align: justify;\"><a href=\"http:\/\/www.bellaspaurbano.com.br\/site\/coloracao\/coloracao-3\/\" rel=\"attachment wp-att-1787\"><img loading=\"lazy\" decoding=\"async\" class=\"aligncenter size-full wp-image-1787\" src=\"http:\/\/www.bellaspaurbano.com.br\/site\/wp-content\/uploads\/2014\/03\/Colora\u00e7\u00e3o-1.jpg\" alt=\"Colora\u00e7\u00e3o\" width=\"961\" height=\"609\" srcset=\"https:\/\/www.bellaspaurbano.com.br\/site\/wp-content\/uploads\/2014\/03\/Colora\u00e7\u00e3o-1.jpg 961w, https:\/\/www.bellaspaurbano.com.br\/site\/wp-content\/uploads\/2014\/03\/Colora\u00e7\u00e3o-1-600x380.jpg 600w, https:\/\/www.bellaspaurbano.com.br\/site\/wp-content\/uploads\/2014\/03\/Colora\u00e7\u00e3o-1-800x507.jpg 800w, https:\/\/www.bellaspaurbano.com.br\/site\/wp-content\/uploads\/2014\/03\/Colora\u00e7\u00e3o-1-768x487.jpg 768w\" sizes=\"(max-width: 961px) 100vw, 961px\" \/><\/a>Atrav\u00e9s de uma cuidadosa avalia\u00e7\u00e3o da cor do cabelo antes do tingimento, voc\u00ea e o cabeleireiro Bella Spa chegaram a resultados maravilhosos criando \u201clooks\u201d naturais ou at\u00e9 uma cor nova e espl\u00eandida s\u00f3 para voc\u00ea.<\/p>\n<p>Aguardamos voc\u00ea: (35) 3423-5679<\/p>\n","protected":false},"excerpt":{"rendered":"<p>Atrav\u00e9s de uma cuidadosa avalia\u00e7\u00e3o da cor do cabelo antes do tingimento, voc\u00ea e o cabeleireiro Bella Spa chegaram a resultados maravilhosos criando \u201clooks\u201d naturais ou at\u00e9 uma cor nova e espl\u00eandida s\u00f3 para voc\u00ea. Aguardamos voc\u00ea: (35) 3423-5679<\/p>\n","protected":false},"author":1,"featured_media":0,"parent":0,"menu_order":0,"comment_status":"closed","ping_status":"closed","template":"","meta":{"footnotes":""},"class_list":["post-261","page","type-page","status-publish","hentry"],"_links":{"self":[{"href":"https:\/\/www.bellaspaurbano.com.br\/site\/wp-json\/wp\/v2\/pages\/261"}],"collection":[{"href":"https:\/\/www.bellaspaurbano.com.br\/site\/wp-json\/wp\/v2\/pages"}],"about":[{"href":"https:\/\/www.bellaspaurbano.com.br\/site\/wp-json\/wp\/v2\/types\/page"}],"author":[{"embeddable":true,"href":"https:\/\/www.bellaspaurbano.com.br\/site\/wp-json\/wp\/v2\/users\/1"}],"replies":[{"embeddable":true,"href":"https:\/\/www.bellaspaurbano.com.br\/site\/wp-json\/wp\/v2\/comments?post=261"}],"version-history":[{"count":10,"href":"https:\/\/www.bellaspaurbano.com.br\/site\/wp-json\/wp\/v2\/pages\/261\/revisions"}],"predecessor-version":[{"id":318,"href":"https:\/\/www.bellaspaurbano.com.br\/site\/wp-json\/wp\/v2\/pages\/261\/revisions\/318"}],"wp:attachment":[{"href":"https:\/\/www.bellaspaurbano.com.br\/site\/wp-json\/wp\/v2\/media?parent=261"}],"curies":[{"name":"wp","href":"https:\/\/api.w.org\/{rel}","templated":true}]}}