{"id":2208,"date":"2017-05-08T21:29:11","date_gmt":"2017-05-09T00:29:11","guid":{"rendered":"http:\/\/www.bellaspaurbano.com.br\/site\/?page_id=2208"},"modified":"2017-05-08T21:29:11","modified_gmt":"2017-05-09T00:29:11","slug":"super-combo-limpeza-de-pele-peeling-de-cristal-com-15-desconto","status":"publish","type":"page","link":"https:\/\/www.bellaspaurbano.com.br\/site\/super-combo-limpeza-de-pele-peeling-de-cristal-com-15-desconto\/","title":{"rendered":"(((SUPER COMBO))) LIMPEZA DE PELE + PEELING DE CRISTAL COM 15% DESCONTO"},"content":{"rendered":"<p><strong><a href=\"http:\/\/www.bellaspaurbano.com.br\/site\/wp-content\/uploads\/2017\/05\/Peeling-de-Cristal-Limpeza-de-Pele.jpg\"><img loading=\"lazy\" decoding=\"async\" class=\"aligncenter size-full wp-image-2206\" src=\"http:\/\/www.bellaspaurbano.com.br\/site\/wp-content\/uploads\/2017\/05\/Peeling-de-Cristal-Limpeza-de-Pele.jpg\" alt=\"\" width=\"955\" height=\"573\" srcset=\"https:\/\/www.bellaspaurbano.com.br\/site\/wp-content\/uploads\/2017\/05\/Peeling-de-Cristal-Limpeza-de-Pele.jpg 955w, https:\/\/www.bellaspaurbano.com.br\/site\/wp-content\/uploads\/2017\/05\/Peeling-de-Cristal-Limpeza-de-Pele-600x360.jpg 600w, https:\/\/www.bellaspaurbano.com.br\/site\/wp-content\/uploads\/2017\/05\/Peeling-de-Cristal-Limpeza-de-Pele-800x480.jpg 800w, https:\/\/www.bellaspaurbano.com.br\/site\/wp-content\/uploads\/2017\/05\/Peeling-de-Cristal-Limpeza-de-Pele-768x461.jpg 768w\" sizes=\"(max-width: 955px) 100vw, 955px\" \/><\/a>Peeling de Cristal\u00a0<\/strong>\u00e9 um procedimento de esfolia\u00e7\u00e3o mec\u00e2nica que ajuda a renovar a camada da pele. A esfolia\u00e7\u00e3o \u00e9 controlada e gradual e um circuito de v\u00e1cuo fechado promove a pulveriza\u00e7\u00e3o de cristais de \u00f3xido de alum\u00ednio sobre a regi\u00e3o. Com isto as c\u00e9lulas mortas s\u00e3o retiradas e os fibroblastos estimulados. Ocorre ent\u00e3o uma regenera\u00e7\u00e3o do tecido e a pessoa fica com uma apar\u00eancia mais leve.<\/p>\n<h2>Confira os Passos da Limpeza de Pele do Bella Spa Urbano:<\/h2>\n<ol>\n<li><strong>Higieniza\u00e7\u00e3o:<\/strong>\u00c9 a fase inicial da limpeza, feita com lo\u00e7\u00f5es e demaquilantes para retirar impurezas superficiais ou maquiagem. S\u00e3o usados produtos na forma de mousse, emuls\u00e3o, creme ou gel.<\/li>\n<li><strong>Esfolia\u00e7\u00e3o:<\/strong>Realizada com cosm\u00e9ticos cheios de gr\u00e2nulos, remove as c\u00e9lulas mortas e afina a parte mais superficial da pele, permitindo a integra\u00e7\u00e3o entre os ativos dos cosm\u00e9ticos utilizados e os tecidos;<\/li>\n<li><strong>Desincrusta\u00e7\u00e3o<\/strong>: \u00c9 feita uma mascara para amolecer a camada superficial da pele e favorecer a retirada de cravos, espinhas e miliuns (bolinhas de sebo).<\/li>\n<li><strong>Esteriliza\u00e7\u00e3o<\/strong>: A pele recebe uma mascar\u00e1 bactericida que ajuda a preparar a regi\u00e3o para as extra\u00e7\u00f5es, eliminando qualquer possibilidade de contamina\u00e7\u00e3o;<\/li>\n<li><strong>Extra\u00e7\u00e3o<\/strong>: \u201c\u00c9 a ca\u00e7a ao inimigo\u201d. Pode ser feita manualmente ou com aparelhos e esp\u00e1tulas de remo\u00e7\u00e3o, sem a necessidade de espremer com os dedos. Os cravos brancos e miliuns s\u00e3o retirados com uma micro agulha esterilizada e descart\u00e1vel, por serem mais profundos.<\/li>\n<li><strong>M\u00e1scara calmante<\/strong>: Por 10 minutos, o rosto recebe uma m\u00e1scara que ir\u00e1 recuper\u00e1-lo das pequenas agress\u00f5es. Existem produtos espec\u00edficos para cada tipo de pele, hidratando ou controlando a oleosidade, nutrindo e regulando o PH;<\/li>\n<li><strong>Aparelho de LED ou Ultrassom Terap\u00eautico<\/strong>: Esse est\u00e1gio s\u00f3 aparece em procedimentos mais agressivos. O aparelho tem propriedades cicatrizante e anti-inflamat\u00f3ria, deixando o rosto bem menos marcado e sem a vermelhid\u00e3o caracter\u00edstica de uma limpeza mais rigorosa.<\/li>\n<li><strong>Aplica\u00e7\u00e3o de Alta Frequ\u00eancia:<\/strong> \u00e9 um aparelho de eletroterapia que emite ondas el\u00e9tricas com a finalidade de cauterizar as micro les\u00f5es, fechar os poros e higienizar toda camada superficial.<\/li>\n<li><strong>M\u00e1scara final<\/strong>: Feita \u00e0 base de cremes ou, nas peles oleosas, com gel e ate mesmo argila (verde, vermelha ou branca). H\u00e1 muitas varia\u00e7\u00f5es, escolhidas de acordo com a necessidade da pele ap\u00f3s o tratamento. Existe a m\u00e1scara hidratante, clareadora de manchas ou sardas, calmante e purificante, \u00e9 s\u00f3 escolher<\/li>\n<\/ol>\n<p>Estamos na Rua Vitor Laraia, 41, Santa Lucia, Pouso Alegre &#8211; MG<\/p>\n<p>Telefone \u260e\ufe0f 35 3423-5679 \/ Whats: 35 99812-3554<\/p>\n<p>Bella Spa Urbano: Aqui voc\u00ea encontra Beleza, Relaxamento, Sa\u00fade &amp; Bem Estar!<\/p>\n","protected":false},"excerpt":{"rendered":"<p>Peeling de Cristal\u00a0\u00e9 um procedimento de esfolia\u00e7\u00e3o mec\u00e2nica que ajuda a renovar a camada da pele. A esfolia\u00e7\u00e3o \u00e9 controlada e gradual e um circuito de v\u00e1cuo fechado promove a pulveriza\u00e7\u00e3o de cristais de \u00f3xido de alum\u00ednio sobre a regi\u00e3o. Com isto as c\u00e9lulas mortas s\u00e3o retiradas e os fibroblastos estimulados. Ocorre ent\u00e3o uma regenera\u00e7\u00e3o<a href=\"https:\/\/www.bellaspaurbano.com.br\/site\/super-combo-limpeza-de-pele-peeling-de-cristal-com-15-desconto\/\">[&#8230;]<\/a><\/p>\n","protected":false},"author":1,"featured_media":0,"parent":0,"menu_order":0,"comment_status":"closed","ping_status":"closed","template":"","meta":{"footnotes":""},"class_list":["post-2208","page","type-page","status-publish","hentry"],"_links":{"self":[{"href":"https:\/\/www.bellaspaurbano.com.br\/site\/wp-json\/wp\/v2\/pages\/2208"}],"collection":[{"href":"https:\/\/www.bellaspaurbano.com.br\/site\/wp-json\/wp\/v2\/pages"}],"about":[{"href":"https:\/\/www.bellaspaurbano.com.br\/site\/wp-json\/wp\/v2\/types\/page"}],"author":[{"embeddable":true,"href":"https:\/\/www.bellaspaurbano.com.br\/site\/wp-json\/wp\/v2\/users\/1"}],"replies":[{"embeddable":true,"href":"https:\/\/www.bellaspaurbano.com.br\/site\/wp-json\/wp\/v2\/comments?post=2208"}],"version-history":[{"count":2,"href":"https:\/\/www.bellaspaurbano.com.br\/site\/wp-json\/wp\/v2\/pages\/2208\/revisions"}],"predecessor-version":[{"id":2212,"href":"https:\/\/www.bellaspaurbano.com.br\/site\/wp-json\/wp\/v2\/pages\/2208\/revisions\/2212"}],"wp:attachment":[{"href":"https:\/\/www.bellaspaurbano.com.br\/site\/wp-json\/wp\/v2\/media?parent=2208"}],"curies":[{"name":"wp","href":"https:\/\/api.w.org\/{rel}","templated":true}]}}