{"id":2026,"date":"2016-11-16T08:54:19","date_gmt":"2016-11-16T11:54:19","guid":{"rendered":"http:\/\/www.bellaspaurbano.com.br\/site\/?page_id=2026"},"modified":"2018-05-30T12:12:12","modified_gmt":"2018-05-30T15:12:12","slug":"mini-day-spa","status":"publish","type":"page","link":"https:\/\/www.bellaspaurbano.com.br\/site\/mini-day-spa\/","title":{"rendered":"Mini Day Spa por apenas R$210,00"},"content":{"rendered":"<p>Mais de quatro horas de cuidados e carinho com voc\u00ea! Ente todos os mimos voc\u00ea \u00a0ter\u00e1 Massagem Relaxante, Spa dos P\u00e9s, Unhas das M\u00e3os e P\u00e9s, Hidrata\u00e7\u00e3o e Escova dos Cabelos.<\/p>\n<p><a href=\"http:\/\/www.bellaspaurbano.com.br\/site\/wp-content\/uploads\/2016\/11\/Mini-Day-Spa-2-1.jpg\"><img loading=\"lazy\" decoding=\"async\" src=\"http:\/\/www.bellaspaurbano.com.br\/site\/wp-content\/uploads\/2016\/11\/Mini-Day-Spa-2-1.jpg\" alt=\"\" width=\"707\" height=\"620\" class=\"aligncenter size-full wp-image-2448\" srcset=\"https:\/\/www.bellaspaurbano.com.br\/site\/wp-content\/uploads\/2016\/11\/Mini-Day-Spa-2-1.jpg 707w, https:\/\/www.bellaspaurbano.com.br\/site\/wp-content\/uploads\/2016\/11\/Mini-Day-Spa-2-1-600x526.jpg 600w\" sizes=\"(max-width: 707px) 100vw, 707px\" \/><\/a><\/p>\n","protected":false},"excerpt":{"rendered":"<p>Mais de quatro horas de cuidados e carinho com voc\u00ea! Ente todos os mimos voc\u00ea \u00a0ter\u00e1 Massagem Relaxante, Spa dos P\u00e9s, Unhas das M\u00e3os e P\u00e9s, Hidrata\u00e7\u00e3o e Escova dos Cabelos.<\/p>\n","protected":false},"author":1,"featured_media":0,"parent":0,"menu_order":0,"comment_status":"open","ping_status":"closed","template":"","meta":{"footnotes":""},"class_list":["post-2026","page","type-page","status-publish","hentry"],"_links":{"self":[{"href":"https:\/\/www.bellaspaurbano.com.br\/site\/wp-json\/wp\/v2\/pages\/2026"}],"collection":[{"href":"https:\/\/www.bellaspaurbano.com.br\/site\/wp-json\/wp\/v2\/pages"}],"about":[{"href":"https:\/\/www.bellaspaurbano.com.br\/site\/wp-json\/wp\/v2\/types\/page"}],"author":[{"embeddable":true,"href":"https:\/\/www.bellaspaurbano.com.br\/site\/wp-json\/wp\/v2\/users\/1"}],"replies":[{"embeddable":true,"href":"https:\/\/www.bellaspaurbano.com.br\/site\/wp-json\/wp\/v2\/comments?post=2026"}],"version-history":[{"count":10,"href":"https:\/\/www.bellaspaurbano.com.br\/site\/wp-json\/wp\/v2\/pages\/2026\/revisions"}],"predecessor-version":[{"id":2124,"href":"https:\/\/www.bellaspaurbano.com.br\/site\/wp-json\/wp\/v2\/pages\/2026\/revisions\/2124"}],"wp:attachment":[{"href":"https:\/\/www.bellaspaurbano.com.br\/site\/wp-json\/wp\/v2\/media?parent=2026"}],"curies":[{"name":"wp","href":"https:\/\/api.w.org\/{rel}","templated":true}]}}