{"id":1923,"date":"2016-07-17T12:43:21","date_gmt":"2016-07-17T15:43:21","guid":{"rendered":"http:\/\/www.bellaspaurbano.com.br\/site\/?page_id=1923"},"modified":"2016-07-17T12:43:21","modified_gmt":"2016-07-17T15:43:21","slug":"cadiveu","status":"publish","type":"page","link":"https:\/\/www.bellaspaurbano.com.br\/site\/cadiveu\/","title":{"rendered":"Cadiveu"},"content":{"rendered":"<p><a href=\"http:\/\/www.bellaspaurbano.com.br\/site\/cadiveu\/cadiveu-2\/\" rel=\"attachment wp-att-1924\"><img loading=\"lazy\" decoding=\"async\" class=\"aligncenter size-full wp-image-1924\" src=\"http:\/\/www.bellaspaurbano.com.br\/site\/wp-content\/uploads\/2016\/07\/Cadiveu.jpg\" alt=\"Cadiveu\" width=\"1285\" height=\"1149\" srcset=\"https:\/\/www.bellaspaurbano.com.br\/site\/wp-content\/uploads\/2016\/07\/Cadiveu.jpg 1285w, https:\/\/www.bellaspaurbano.com.br\/site\/wp-content\/uploads\/2016\/07\/Cadiveu-600x536.jpg 600w, https:\/\/www.bellaspaurbano.com.br\/site\/wp-content\/uploads\/2016\/07\/Cadiveu-727x650.jpg 727w, https:\/\/www.bellaspaurbano.com.br\/site\/wp-content\/uploads\/2016\/07\/Cadiveu-768x687.jpg 768w, https:\/\/www.bellaspaurbano.com.br\/site\/wp-content\/uploads\/2016\/07\/Cadiveu-1024x916.jpg 1024w\" sizes=\"(max-width: 1285px) 100vw, 1285px\" \/><\/a><\/p>\n<p><span class=\"st\">Brasileir\u00edssima, a <em>Cadiveu<\/em> Professional \u00e9 uma marca de cosm\u00e9ticos de vanguarda, que est\u00e1 sempre \u00e0 frente das tend\u00eancias do mercado de beleza.<\/span><\/p>\n<p>Al\u00e9m da famosa Pl\u00e1stica dos Fios Cadiveu, in\u00fameros outros produtos de qualidade superior est\u00e3o a disposi\u00e7\u00e3o para voc\u00ea no Bella Spa Urbano.<\/p>\n","protected":false},"excerpt":{"rendered":"<p>Brasileir\u00edssima, a Cadiveu Professional \u00e9 uma marca de cosm\u00e9ticos de vanguarda, que est\u00e1 sempre \u00e0 frente das tend\u00eancias do mercado de beleza. Al\u00e9m da famosa Pl\u00e1stica dos Fios Cadiveu, in\u00fameros outros produtos de qualidade superior est\u00e3o a disposi\u00e7\u00e3o para voc\u00ea no Bella Spa Urbano.<\/p>\n","protected":false},"author":1,"featured_media":0,"parent":0,"menu_order":0,"comment_status":"closed","ping_status":"closed","template":"","meta":{"footnotes":""},"class_list":["post-1923","page","type-page","status-publish","hentry"],"_links":{"self":[{"href":"https:\/\/www.bellaspaurbano.com.br\/site\/wp-json\/wp\/v2\/pages\/1923"}],"collection":[{"href":"https:\/\/www.bellaspaurbano.com.br\/site\/wp-json\/wp\/v2\/pages"}],"about":[{"href":"https:\/\/www.bellaspaurbano.com.br\/site\/wp-json\/wp\/v2\/types\/page"}],"author":[{"embeddable":true,"href":"https:\/\/www.bellaspaurbano.com.br\/site\/wp-json\/wp\/v2\/users\/1"}],"replies":[{"embeddable":true,"href":"https:\/\/www.bellaspaurbano.com.br\/site\/wp-json\/wp\/v2\/comments?post=1923"}],"version-history":[{"count":2,"href":"https:\/\/www.bellaspaurbano.com.br\/site\/wp-json\/wp\/v2\/pages\/1923\/revisions"}],"predecessor-version":[{"id":1928,"href":"https:\/\/www.bellaspaurbano.com.br\/site\/wp-json\/wp\/v2\/pages\/1923\/revisions\/1928"}],"wp:attachment":[{"href":"https:\/\/www.bellaspaurbano.com.br\/site\/wp-json\/wp\/v2\/media?parent=1923"}],"curies":[{"name":"wp","href":"https:\/\/api.w.org\/{rel}","templated":true}]}}