{"id":1917,"date":"2016-07-17T12:36:22","date_gmt":"2016-07-17T15:36:22","guid":{"rendered":"http:\/\/www.bellaspaurbano.com.br\/site\/?page_id=1917"},"modified":"2016-07-17T12:36:22","modified_gmt":"2016-07-17T15:36:22","slug":"itallian","status":"publish","type":"page","link":"https:\/\/www.bellaspaurbano.com.br\/site\/itallian\/","title":{"rendered":"Itallian"},"content":{"rendered":"<p><a href=\"http:\/\/www.bellaspaurbano.com.br\/site\/itallian\/itallian\/\" rel=\"attachment wp-att-1918\"><img loading=\"lazy\" decoding=\"async\" class=\"aligncenter size-full wp-image-1918\" src=\"http:\/\/www.bellaspaurbano.com.br\/site\/wp-content\/uploads\/2016\/07\/Itallian.jpg\" alt=\"Itallian\" width=\"1472\" height=\"1269\" srcset=\"https:\/\/www.bellaspaurbano.com.br\/site\/wp-content\/uploads\/2016\/07\/Itallian.jpg 1472w, https:\/\/www.bellaspaurbano.com.br\/site\/wp-content\/uploads\/2016\/07\/Itallian-600x517.jpg 600w, https:\/\/www.bellaspaurbano.com.br\/site\/wp-content\/uploads\/2016\/07\/Itallian-754x650.jpg 754w, https:\/\/www.bellaspaurbano.com.br\/site\/wp-content\/uploads\/2016\/07\/Itallian-768x662.jpg 768w, https:\/\/www.bellaspaurbano.com.br\/site\/wp-content\/uploads\/2016\/07\/Itallian-1024x883.jpg 1024w\" sizes=\"(max-width: 1472px) 100vw, 1472px\" \/><\/a><\/p>\n<p style=\"text-align: justify;\">H\u00e1 mais de vinte anos no mercado, a Itallian Hairtech \u00e9 uma empresa especializada no desenvolvimento de produtos de alta tecnologia e performance focada no p\u00fablico profissional cabeleireiro.<\/p>\n<p style=\"text-align: justify;\">Com sede em S\u00e3o Paulo, a empresa \u00e9 detentora das j\u00e1 conhecidas marcas: Itallian Color, Itallian Color Sopremo, Itallian Color Coloratto, Trivitt, Innovator, Hairway Chantilly, Kerasoft e Extreme Up.<\/p>\n<p style=\"text-align: justify;\">S\u00e3o cerca de 200 itens, entre colora\u00e7\u00f5es permanentes e semipermanentes, itens de tratamento, hidrata\u00e7\u00e3o e transforma\u00e7\u00e3o, e tudo isso voc\u00ea pode encontrar no Bella Spa Urbano.<\/p>\n","protected":false},"excerpt":{"rendered":"<p>H\u00e1 mais de vinte anos no mercado, a Itallian Hairtech \u00e9 uma empresa especializada no desenvolvimento de produtos de alta tecnologia e performance focada no p\u00fablico profissional cabeleireiro. Com sede em S\u00e3o Paulo, a empresa \u00e9 detentora das j\u00e1 conhecidas marcas: Itallian Color, Itallian Color Sopremo, Itallian Color Coloratto, Trivitt, Innovator, Hairway Chantilly, Kerasoft e<a href=\"https:\/\/www.bellaspaurbano.com.br\/site\/itallian\/\">[&#8230;]<\/a><\/p>\n","protected":false},"author":1,"featured_media":0,"parent":0,"menu_order":0,"comment_status":"closed","ping_status":"closed","template":"","meta":{"footnotes":""},"class_list":["post-1917","page","type-page","status-publish","hentry"],"_links":{"self":[{"href":"https:\/\/www.bellaspaurbano.com.br\/site\/wp-json\/wp\/v2\/pages\/1917"}],"collection":[{"href":"https:\/\/www.bellaspaurbano.com.br\/site\/wp-json\/wp\/v2\/pages"}],"about":[{"href":"https:\/\/www.bellaspaurbano.com.br\/site\/wp-json\/wp\/v2\/types\/page"}],"author":[{"embeddable":true,"href":"https:\/\/www.bellaspaurbano.com.br\/site\/wp-json\/wp\/v2\/users\/1"}],"replies":[{"embeddable":true,"href":"https:\/\/www.bellaspaurbano.com.br\/site\/wp-json\/wp\/v2\/comments?post=1917"}],"version-history":[{"count":2,"href":"https:\/\/www.bellaspaurbano.com.br\/site\/wp-json\/wp\/v2\/pages\/1917\/revisions"}],"predecessor-version":[{"id":1922,"href":"https:\/\/www.bellaspaurbano.com.br\/site\/wp-json\/wp\/v2\/pages\/1917\/revisions\/1922"}],"wp:attachment":[{"href":"https:\/\/www.bellaspaurbano.com.br\/site\/wp-json\/wp\/v2\/media?parent=1917"}],"curies":[{"name":"wp","href":"https:\/\/api.w.org\/{rel}","templated":true}]}}