{"id":184,"date":"2014-03-25T15:23:08","date_gmt":"2014-03-25T15:23:08","guid":{"rendered":"http:\/\/www.bellaspaurbano.com.br\/site\/?page_id=184"},"modified":"2016-07-27T11:08:01","modified_gmt":"2016-07-27T14:08:01","slug":"reiki","status":"publish","type":"page","link":"https:\/\/www.bellaspaurbano.com.br\/site\/reiki\/","title":{"rendered":"REIKI"},"content":{"rendered":"<p><strong><span style=\"text-decoration: underline;\"><a href=\"http:\/\/www.bellaspaurbano.com.br\/site\/pedras-quentes\/reiki-4\/\" rel=\"attachment wp-att-1871\"><img loading=\"lazy\" decoding=\"async\" class=\"aligncenter size-full wp-image-1871\" src=\"http:\/\/www.bellaspaurbano.com.br\/site\/wp-content\/uploads\/2014\/03\/Reiki.jpg\" alt=\"Reiki\" width=\"979\" height=\"802\" srcset=\"https:\/\/www.bellaspaurbano.com.br\/site\/wp-content\/uploads\/2014\/03\/Reiki.jpg 979w, https:\/\/www.bellaspaurbano.com.br\/site\/wp-content\/uploads\/2014\/03\/Reiki-600x492.jpg 600w, https:\/\/www.bellaspaurbano.com.br\/site\/wp-content\/uploads\/2014\/03\/Reiki-793x650.jpg 793w, https:\/\/www.bellaspaurbano.com.br\/site\/wp-content\/uploads\/2014\/03\/Reiki-768x629.jpg 768w\" sizes=\"(max-width: 979px) 100vw, 979px\" \/><\/a><br clear='none'\/>\n<\/span><\/strong><\/p>\n<p style=\"text-align: justify;\">\u00c9 uma forma de terapia de origem japonesa baseada na manipula\u00e7\u00e3o da energia vital (ki) atrav\u00e9s da imposi\u00e7\u00e3o de m\u00e3os com o objetivo de restabelecer o equil\u00edbrio vital e, assim eliminar doen\u00e7as e promover sa\u00fade.<\/p>\n<p style=\"text-align: justify;\">Ligue e oriente-se, Bella Spa Urbano: (35) 3423-5679.<\/p>\n","protected":false},"excerpt":{"rendered":"<p>\u00c9 uma forma de terapia de origem japonesa baseada na manipula\u00e7\u00e3o da energia vital (ki) atrav\u00e9s da imposi\u00e7\u00e3o de m\u00e3os com o objetivo de restabelecer o equil\u00edbrio vital e, assim eliminar doen\u00e7as e promover sa\u00fade. Ligue e oriente-se, Bella Spa Urbano: (35) 3423-5679.<\/p>\n","protected":false},"author":1,"featured_media":0,"parent":0,"menu_order":0,"comment_status":"closed","ping_status":"closed","template":"","meta":{"footnotes":""},"class_list":["post-184","page","type-page","status-publish","hentry"],"_links":{"self":[{"href":"https:\/\/www.bellaspaurbano.com.br\/site\/wp-json\/wp\/v2\/pages\/184"}],"collection":[{"href":"https:\/\/www.bellaspaurbano.com.br\/site\/wp-json\/wp\/v2\/pages"}],"about":[{"href":"https:\/\/www.bellaspaurbano.com.br\/site\/wp-json\/wp\/v2\/types\/page"}],"author":[{"embeddable":true,"href":"https:\/\/www.bellaspaurbano.com.br\/site\/wp-json\/wp\/v2\/users\/1"}],"replies":[{"embeddable":true,"href":"https:\/\/www.bellaspaurbano.com.br\/site\/wp-json\/wp\/v2\/comments?post=184"}],"version-history":[{"count":7,"href":"https:\/\/www.bellaspaurbano.com.br\/site\/wp-json\/wp\/v2\/pages\/184\/revisions"}],"predecessor-version":[{"id":1939,"href":"https:\/\/www.bellaspaurbano.com.br\/site\/wp-json\/wp\/v2\/pages\/184\/revisions\/1939"}],"wp:attachment":[{"href":"https:\/\/www.bellaspaurbano.com.br\/site\/wp-json\/wp\/v2\/media?parent=184"}],"curies":[{"name":"wp","href":"https:\/\/api.w.org\/{rel}","templated":true}]}}