{"id":1204,"date":"2015-05-20T20:37:24","date_gmt":"2015-05-20T23:37:24","guid":{"rendered":"http:\/\/www.bellaspaurbano.com.br\/site\/?page_id=1204"},"modified":"2016-07-17T11:37:52","modified_gmt":"2016-07-17T14:37:52","slug":"massagem-modeladora-2","status":"publish","type":"page","link":"https:\/\/www.bellaspaurbano.com.br\/site\/massagem-modeladora-2\/","title":{"rendered":"Massagem Modeladora"},"content":{"rendered":"<p style=\"text-align: justify;\"><a href=\"http:\/\/www.bellaspaurbano.com.br\/site\/pedras-quentes\/modeladora\/\" rel=\"attachment wp-att-1865\"><img loading=\"lazy\" decoding=\"async\" class=\"aligncenter size-full wp-image-1865\" src=\"http:\/\/www.bellaspaurbano.com.br\/site\/wp-content\/uploads\/2014\/03\/Modeladora.jpg\" alt=\"Modeladora\" width=\"1097\" height=\"969\" srcset=\"https:\/\/www.bellaspaurbano.com.br\/site\/wp-content\/uploads\/2014\/03\/Modeladora.jpg 1097w, https:\/\/www.bellaspaurbano.com.br\/site\/wp-content\/uploads\/2014\/03\/Modeladora-600x530.jpg 600w, https:\/\/www.bellaspaurbano.com.br\/site\/wp-content\/uploads\/2014\/03\/Modeladora-736x650.jpg 736w, https:\/\/www.bellaspaurbano.com.br\/site\/wp-content\/uploads\/2014\/03\/Modeladora-768x678.jpg 768w, https:\/\/www.bellaspaurbano.com.br\/site\/wp-content\/uploads\/2014\/03\/Modeladora-1024x905.jpg 1024w\" sizes=\"(max-width: 1097px) 100vw, 1097px\" \/><\/a><\/p>\n<p style=\"text-align: justify;\">Se voc\u00ea est\u00e1 no peso certo, mas ainda se incomoda com gorduras localizadas em regi\u00f5es como o culote, as coxas, os bra\u00e7os, os gl\u00fateos ou a barriga, a sua solu\u00e7\u00e3o pode estar na massagem modeladora, tamb\u00e9m conhecida como lipoescultura manual e muito utilizada por v\u00e1rias celebridades para a modelagem corporal. Portanto, conhe\u00e7a melhor a massagem modeladora e marque j\u00e1 as suas sess\u00f5es!<\/p>\n<p style=\"text-align: justify;\">A fim de quebrar as c\u00e9lulas de gordura que se localizam nas regi\u00f5es espec\u00edficas citadas acima, a massagista ir\u00e1 executar movimentos firmes, r\u00e1pidos e repetitivos durante 50 minutos com o aux\u00edlio de um creme hidratante. Assim, a gordura vai para a corrente sangu\u00ednea e \u00e9 posteriormente eliminada atrav\u00e9s da urina.<\/p>\n<p style=\"text-align: justify;\">Ela tamb\u00e9m funciona contra a celulite e a flacidez, pois aumenta a elasticidade da pele. Por\u00e9m, para que os efeitos da massagem sejam mais r\u00e1pido, a pr\u00e1tica de atividades f\u00edsicas \u00e9 essencial. E para n\u00e3o voltar a sofrer com celulites, flacidez e ac\u00famulo de gordura, livre-se dos refrigerantes e dos doces, tendo uma alimenta\u00e7\u00e3o mais regrada e saud\u00e1vel.<\/p>\n<p style=\"text-align: justify;\">Ligue e agende seus hor\u00e1rios, Bella Spa Urbano: (35) 3423-5679<\/p>\n","protected":false},"excerpt":{"rendered":"<p>Se voc\u00ea est\u00e1 no peso certo, mas ainda se incomoda com gorduras localizadas em regi\u00f5es como o culote, as coxas, os bra\u00e7os, os gl\u00fateos ou a barriga, a sua solu\u00e7\u00e3o pode estar na massagem modeladora, tamb\u00e9m conhecida como lipoescultura manual e muito utilizada por v\u00e1rias celebridades para a modelagem corporal. Portanto, conhe\u00e7a melhor a massagem<a href=\"https:\/\/www.bellaspaurbano.com.br\/site\/massagem-modeladora-2\/\">[&#8230;]<\/a><\/p>\n","protected":false},"author":1,"featured_media":0,"parent":0,"menu_order":0,"comment_status":"closed","ping_status":"closed","template":"","meta":{"footnotes":""},"class_list":["post-1204","page","type-page","status-publish","hentry"],"_links":{"self":[{"href":"https:\/\/www.bellaspaurbano.com.br\/site\/wp-json\/wp\/v2\/pages\/1204"}],"collection":[{"href":"https:\/\/www.bellaspaurbano.com.br\/site\/wp-json\/wp\/v2\/pages"}],"about":[{"href":"https:\/\/www.bellaspaurbano.com.br\/site\/wp-json\/wp\/v2\/types\/page"}],"author":[{"embeddable":true,"href":"https:\/\/www.bellaspaurbano.com.br\/site\/wp-json\/wp\/v2\/users\/1"}],"replies":[{"embeddable":true,"href":"https:\/\/www.bellaspaurbano.com.br\/site\/wp-json\/wp\/v2\/comments?post=1204"}],"version-history":[{"count":3,"href":"https:\/\/www.bellaspaurbano.com.br\/site\/wp-json\/wp\/v2\/pages\/1204\/revisions"}],"predecessor-version":[{"id":1895,"href":"https:\/\/www.bellaspaurbano.com.br\/site\/wp-json\/wp\/v2\/pages\/1204\/revisions\/1895"}],"wp:attachment":[{"href":"https:\/\/www.bellaspaurbano.com.br\/site\/wp-json\/wp\/v2\/media?parent=1204"}],"curies":[{"name":"wp","href":"https:\/\/api.w.org\/{rel}","templated":true}]}}