{"id":1027,"date":"2015-05-09T01:32:35","date_gmt":"2015-05-09T04:32:35","guid":{"rendered":"http:\/\/www.bellaspaurbano.com.br\/site\/?page_id=1027"},"modified":"2016-07-17T11:13:03","modified_gmt":"2016-07-17T14:13:03","slug":"hidratacoes-e-mascaras-2","status":"publish","type":"page","link":"https:\/\/www.bellaspaurbano.com.br\/site\/hidratacoes-e-mascaras-2\/","title":{"rendered":"HIDRATA\u00c7\u00d5ES E M\u00c1SCARAS"},"content":{"rendered":"<p style=\"text-align: justify;\"><a href=\"http:\/\/www.bellaspaurbano.com.br\/site\/pedras-quentes\/hidratacao\/\" rel=\"attachment wp-att-1860\"><img loading=\"lazy\" decoding=\"async\" class=\"aligncenter size-full wp-image-1860\" src=\"http:\/\/www.bellaspaurbano.com.br\/site\/wp-content\/uploads\/2014\/03\/Hidrata\u00e7\u00e3o.jpg\" alt=\"Hidrata\u00e7\u00e3o\" width=\"1305\" height=\"523\" srcset=\"https:\/\/www.bellaspaurbano.com.br\/site\/wp-content\/uploads\/2014\/03\/Hidrata\u00e7\u00e3o.jpg 1305w, https:\/\/www.bellaspaurbano.com.br\/site\/wp-content\/uploads\/2014\/03\/Hidrata\u00e7\u00e3o-600x240.jpg 600w, https:\/\/www.bellaspaurbano.com.br\/site\/wp-content\/uploads\/2014\/03\/Hidrata\u00e7\u00e3o-800x321.jpg 800w, https:\/\/www.bellaspaurbano.com.br\/site\/wp-content\/uploads\/2014\/03\/Hidrata\u00e7\u00e3o-768x308.jpg 768w, https:\/\/www.bellaspaurbano.com.br\/site\/wp-content\/uploads\/2014\/03\/Hidrata\u00e7\u00e3o-1024x410.jpg 1024w\" sizes=\"(max-width: 1305px) 100vw, 1305px\" \/><\/a><\/p>\n<p style=\"text-align: justify;\">Hidrata\u00e7\u00f5es e m\u00e1scaras devem ser integradas ao programa de beleza de todos os tipos de pele. Uma das principais causas de envelhecimento da pele \u00e9 a falta de elasticidade, que \u00e9 causada por desidrata\u00e7\u00e3o. A aplica\u00e7\u00e3o destes tratamentos retardam o aparecimento das primeiras rugas.<\/p>\n<p style=\"text-align: justify;\">A sua aplica\u00e7\u00e3o \u00e9 aconselh\u00e1vel especialmente na pele seca, sens\u00edvel e fr\u00e1gil. As m\u00e1scara rep\u00f5e a umidade para as camadas mais profundas da pele, devolvendo a elasticidade.<\/p>\n<p style=\"text-align: justify;\">A m\u00e1scara proporciona uma sensa\u00e7\u00e3o muito boa na pele. A alta concentra\u00e7\u00e3o dos princ\u00edpios ativos \u00e9 superior a dos cremes de uso di\u00e1rio e potencializa os efeitos do tratamento. Enquanto os ingredientes agem na pele, as c\u00e9lulas absorvem os princ\u00edpios ativos que necessitam para recompor sua integridade diariamente afetada por fatores agressivos, como o sol, a polui\u00e7\u00e3o, as impurezas e o estresse. \u00c9 um contra-ataque efetivo. As m\u00e1scaras hidratantes promovem a reten\u00e7\u00e3o h\u00eddrica e devolvem a umidade natural.<\/p>\n<p style=\"text-align: justify;\">Quer deixar sua pele com aspecto cada vez melhor e mais jovem, ent\u00e3o ligue: (35) 3423-5679.<\/p>\n","protected":false},"excerpt":{"rendered":"<p>Hidrata\u00e7\u00f5es e m\u00e1scaras devem ser integradas ao programa de beleza de todos os tipos de pele. Uma das principais causas de envelhecimento da pele \u00e9 a falta de elasticidade, que \u00e9 causada por desidrata\u00e7\u00e3o. A aplica\u00e7\u00e3o destes tratamentos retardam o aparecimento das primeiras rugas. A sua aplica\u00e7\u00e3o \u00e9 aconselh\u00e1vel especialmente na pele seca, sens\u00edvel e<a href=\"https:\/\/www.bellaspaurbano.com.br\/site\/hidratacoes-e-mascaras-2\/\">[&#8230;]<\/a><\/p>\n","protected":false},"author":1,"featured_media":0,"parent":0,"menu_order":0,"comment_status":"closed","ping_status":"closed","template":"","meta":{"footnotes":""},"class_list":["post-1027","page","type-page","status-publish","hentry"],"_links":{"self":[{"href":"https:\/\/www.bellaspaurbano.com.br\/site\/wp-json\/wp\/v2\/pages\/1027"}],"collection":[{"href":"https:\/\/www.bellaspaurbano.com.br\/site\/wp-json\/wp\/v2\/pages"}],"about":[{"href":"https:\/\/www.bellaspaurbano.com.br\/site\/wp-json\/wp\/v2\/types\/page"}],"author":[{"embeddable":true,"href":"https:\/\/www.bellaspaurbano.com.br\/site\/wp-json\/wp\/v2\/users\/1"}],"replies":[{"embeddable":true,"href":"https:\/\/www.bellaspaurbano.com.br\/site\/wp-json\/wp\/v2\/comments?post=1027"}],"version-history":[{"count":4,"href":"https:\/\/www.bellaspaurbano.com.br\/site\/wp-json\/wp\/v2\/pages\/1027\/revisions"}],"predecessor-version":[{"id":1890,"href":"https:\/\/www.bellaspaurbano.com.br\/site\/wp-json\/wp\/v2\/pages\/1027\/revisions\/1890"}],"wp:attachment":[{"href":"https:\/\/www.bellaspaurbano.com.br\/site\/wp-json\/wp\/v2\/media?parent=1027"}],"curies":[{"name":"wp","href":"https:\/\/api.w.org\/{rel}","templated":true}]}}